{"id":46,"date":"2025-07-16T09:29:06","date_gmt":"2025-07-16T09:29:06","guid":{"rendered":"https:\/\/freigassner-wertgutachten.de\/?page_id=46"},"modified":"2025-07-17T05:07:02","modified_gmt":"2025-07-17T05:07:02","slug":"home","status":"publish","type":"page","link":"https:\/\/freigassner-wertgutachten.de\/","title":{"rendered":"Home"},"content":{"rendered":"\t\t<div data-elementor-type=\"wp-page\" data-elementor-id=\"46\" class=\"elementor elementor-46\">\n\t\t\t\t<div class=\"elementor-element elementor-element-cac6f2b e-flex e-con-boxed e-con e-parent\" data-id=\"cac6f2b\" data-element_type=\"container\">\n\t\t\t\t\t<div class=\"e-con-inner\">\n\t\t\t\t<div class=\"elementor-element elementor-element-0309fe3 elementor-widget elementor-widget-image\" data-id=\"0309fe3\" data-element_type=\"widget\" data-widget_type=\"image.default\">\n\t\t\t\t\t\t\t\t\t\t\t\t\t\t\t<img fetchpriority=\"high\" decoding=\"async\" width=\"300\" height=\"174\" src=\"https:\/\/freigassner-wertgutachten.de\/wp-content\/uploads\/2025\/07\/Cubus_final_2-zeilig-300x174.png\" class=\"attachment-medium size-medium wp-image-42\" alt=\"\" srcset=\"https:\/\/freigassner-wertgutachten.de\/wp-content\/uploads\/2025\/07\/Cubus_final_2-zeilig-300x174.png 300w, https:\/\/freigassner-wertgutachten.de\/wp-content\/uploads\/2025\/07\/Cubus_final_2-zeilig.png 350w\" sizes=\"(max-width: 300px) 100vw, 300px\" \/>\t\t\t\t\t\t\t\t\t\t\t\t\t\t\t<\/div>\n\t\t\t\t\t<\/div>\n\t\t\t\t<\/div>\n\t\t\t\t<section class=\"elementor-section elementor-top-section elementor-element elementor-element-72552557 elementor-section-height-min-height elementor-section-boxed elementor-section-height-default elementor-section-items-middle\" data-id=\"72552557\" data-element_type=\"section\" data-settings=\"{&quot;background_background&quot;:&quot;classic&quot;}\">\n\t\t\t\t\t\t\t<div class=\"elementor-background-overlay\"><\/div>\n\t\t\t\t\t\t\t<div class=\"elementor-container elementor-column-gap-default\">\n\t\t\t\t\t<div class=\"elementor-column elementor-col-100 elementor-top-column elementor-element elementor-element-3172e8c7\" data-id=\"3172e8c7\" data-element_type=\"column\">\n\t\t\t<div class=\"elementor-widget-wrap elementor-element-populated\">\n\t\t\t\t<div class=\"elementor-element elementor-element-4648e31 e-con-full e-flex e-con e-parent\" data-id=\"4648e31\" data-element_type=\"container\">\n\t\t<div class=\"elementor-element elementor-element-3020be1 e-con-full e-flex e-con e-child\" data-id=\"3020be1\" data-element_type=\"container\">\n\t\t\t\t<div class=\"elementor-element elementor-element-ba7daf0 elementor-invisible elementor-widget elementor-widget-heading\" data-id=\"ba7daf0\" data-element_type=\"widget\" data-settings=\"{&quot;_animation&quot;:&quot;fadeIn&quot;,&quot;_animation_delay&quot;:100}\" data-widget_type=\"heading.default\">\n\t\t\t\t\t<h1 class=\"elementor-heading-title elementor-size-default\">qualit\u00e4tsgesicherte Basis<br> f\u00fcr Ihre<br>\nVerm\u00f6gensentscheidungen<\/h1>\t\t\t\t<\/div>\n\t\t\t\t<div class=\"elementor-element elementor-element-91f66cd elementor-widget-divider--view-line elementor-invisible elementor-widget elementor-widget-divider\" data-id=\"91f66cd\" data-element_type=\"widget\" data-settings=\"{&quot;_animation&quot;:&quot;fadeIn&quot;,&quot;_animation_delay&quot;:300}\" data-widget_type=\"divider.default\">\n\t\t\t\t\t\t\t<div class=\"elementor-divider\">\n\t\t\t<span class=\"elementor-divider-separator\">\n\t\t\t\t\t\t<\/span>\n\t\t<\/div>\n\t\t\t\t\t\t<\/div>\n\t\t\t\t<\/div>\n\t\t\t\t<\/div>\n\t\t\t\t\t<\/div>\n\t\t<\/div>\n\t\t\t\t\t<\/div>\n\t\t<\/section>\n\t\t<div class=\"elementor-element elementor-element-b6ab020 e-flex e-con-boxed e-con e-parent\" data-id=\"b6ab020\" data-element_type=\"container\">\n\t\t\t\t\t<div class=\"e-con-inner\">\n\t\t\t\t\t<\/div>\n\t\t\t\t<\/div>\n\t\t\t\t<section class=\"elementor-section elementor-top-section elementor-element elementor-element-6362b78a elementor-section-full_width envato-kit-165-flush-left envato-kit-165-top-0 elementor-reverse-mobile elementor-section-height-default elementor-section-height-default\" data-id=\"6362b78a\" data-element_type=\"section\" data-settings=\"{&quot;background_background&quot;:&quot;classic&quot;}\">\n\t\t\t\t\t\t<div class=\"elementor-container elementor-column-gap-no\">\n\t\t\t\t\t<div class=\"elementor-column elementor-col-50 elementor-top-column elementor-element elementor-element-bd82234 elementor-invisible\" data-id=\"bd82234\" data-element_type=\"column\" data-settings=\"{&quot;background_background&quot;:&quot;classic&quot;,&quot;animation&quot;:&quot;fadeIn&quot;,&quot;animation_delay&quot;:100}\">\n\t\t\t<div class=\"elementor-widget-wrap elementor-element-populated\">\n\t\t\t\t\t\t<div class=\"elementor-element elementor-element-44d3e816 elementor-widget elementor-widget-spacer\" data-id=\"44d3e816\" data-element_type=\"widget\" data-widget_type=\"spacer.default\">\n\t\t\t\t\t\t\t<div class=\"elementor-spacer\">\n\t\t\t<div class=\"elementor-spacer-inner\"><\/div>\n\t\t<\/div>\n\t\t\t\t\t\t<\/div>\n\t\t\t\t\t<\/div>\n\t\t<\/div>\n\t\t\t\t<div class=\"elementor-column elementor-col-50 elementor-top-column elementor-element elementor-element-1cb0af1d\" data-id=\"1cb0af1d\" data-element_type=\"column\">\n\t\t\t<div class=\"elementor-widget-wrap elementor-element-populated\">\n\t\t\t\t\t\t<section class=\"elementor-section elementor-inner-section elementor-element elementor-element-1e7a480e elementor-reverse-mobile elementor-section-boxed elementor-section-height-default elementor-section-height-default\" data-id=\"1e7a480e\" data-element_type=\"section\" data-settings=\"{&quot;background_background&quot;:&quot;classic&quot;}\">\n\t\t\t\t\t\t<div class=\"elementor-container elementor-column-gap-no\">\n\t\t\t\t\t<div class=\"elementor-column elementor-col-100 elementor-inner-column elementor-element elementor-element-6a6a0822\" data-id=\"6a6a0822\" data-element_type=\"column\" data-settings=\"{&quot;background_background&quot;:&quot;classic&quot;}\">\n\t\t\t<div class=\"elementor-widget-wrap elementor-element-populated\">\n\t\t\t\t\t\t<div class=\"elementor-element elementor-element-7d6dd0b3 elementor-invisible elementor-widget elementor-widget-heading\" data-id=\"7d6dd0b3\" data-element_type=\"widget\" data-settings=\"{&quot;_animation&quot;:&quot;fadeIn&quot;,&quot;_animation_delay&quot;:200}\" data-widget_type=\"heading.default\">\n\t\t\t\t\t<h2 class=\"elementor-heading-title elementor-size-default\">Freigassner<br>Immobilien-wertgutachten<\/h2>\t\t\t\t<\/div>\n\t\t\t\t<div class=\"elementor-element elementor-element-30b68acb elementor-invisible elementor-widget elementor-widget-text-editor\" data-id=\"30b68acb\" data-element_type=\"widget\" data-settings=\"{&quot;_animation&quot;:&quot;fadeIn&quot;,&quot;_animation_delay&quot;:200}\" data-widget_type=\"text-editor.default\">\n\t\t\t\t\t\t\t\t\t<p>Freigassner Immobilien-Wertgutachten GbR<br \/>Klaus Freigassner \u25ab Lukas Freigassner<br \/><br \/>Gesteig 12 \u2022 89195 Staig<br \/>Postadresse: Rotweg 2 \u2022 89160 Dornstadt<br \/><br \/><strong>Fon: 0157 8611 3454<br \/><\/strong><br \/>info@freigassner-wertgutachten.de<br \/>www.freigassner-wertgutachten.de<br \/>\u200b<\/p>\t\t\t\t\t\t\t\t<\/div>\n\t\t\t\t<div class=\"elementor-element elementor-element-e137310 elementor-align-left elementor-mobile-align-justify elementor-invisible elementor-widget elementor-widget-button\" data-id=\"e137310\" data-element_type=\"widget\" data-settings=\"{&quot;_animation&quot;:&quot;fadeIn&quot;,&quot;_animation_delay&quot;:300}\" data-widget_type=\"button.default\">\n\t\t\t\t\t\t\t\t\t\t<a class=\"elementor-button elementor-button-link elementor-size-sm\" href=\"#\">\n\t\t\t\t\t\t<span class=\"elementor-button-content-wrapper\">\n\t\t\t\t\t\t\t\t\t<span class=\"elementor-button-text\">Diese Seite befindet sich im Aufbau<\/span>\n\t\t\t\t\t<\/span>\n\t\t\t\t\t<\/a>\n\t\t\t\t\t\t\t\t<\/div>\n\t\t\t\t\t<\/div>\n\t\t<\/div>\n\t\t\t\t\t<\/div>\n\t\t<\/section>\n\t\t\t\t\t<\/div>\n\t\t<\/div>\n\t\t\t\t\t<\/div>\n\t\t<\/section>\n\t\t\t\t<\/div>\n\t\t","protected":false},"excerpt":{"rendered":"<p>qualit\u00e4tsgesicherte Basis f\u00fcr Ihre Verm\u00f6gensentscheidungen FreigassnerImmobilien-wertgutachten Freigassner Immobilien-Wertgutachten GbRKlaus Freigassner \u25ab Lukas Freigassner Gesteig 12 \u2022 89195 StaigPostadresse: Rotweg 2 \u2022 89160 Dornstadt Fon: 0157 8611 3454info@freigassner-wertgutachten.dewww.freigassner-wertgutachten.de\u200b Diese Seite befindet sich im Aufbau<\/p>\n","protected":false},"author":1,"featured_media":0,"parent":0,"menu_order":0,"comment_status":"closed","ping_status":"closed","template":"","meta":{"footnotes":""},"class_list":["post-46","page","type-page","status-publish","hentry","entry"],"_links":{"self":[{"href":"https:\/\/freigassner-wertgutachten.de\/index.php?rest_route=\/wp\/v2\/pages\/46","targetHints":{"allow":["GET"]}}],"collection":[{"href":"https:\/\/freigassner-wertgutachten.de\/index.php?rest_route=\/wp\/v2\/pages"}],"about":[{"href":"https:\/\/freigassner-wertgutachten.de\/index.php?rest_route=\/wp\/v2\/types\/page"}],"author":[{"embeddable":true,"href":"https:\/\/freigassner-wertgutachten.de\/index.php?rest_route=\/wp\/v2\/users\/1"}],"replies":[{"embeddable":true,"href":"https:\/\/freigassner-wertgutachten.de\/index.php?rest_route=%2Fwp%2Fv2%2Fcomments&post=46"}],"version-history":[{"count":40,"href":"https:\/\/freigassner-wertgutachten.de\/index.php?rest_route=\/wp\/v2\/pages\/46\/revisions"}],"predecessor-version":[{"id":122,"href":"https:\/\/freigassner-wertgutachten.de\/index.php?rest_route=\/wp\/v2\/pages\/46\/revisions\/122"}],"wp:attachment":[{"href":"https:\/\/freigassner-wertgutachten.de\/index.php?rest_route=%2Fwp%2Fv2%2Fmedia&parent=46"}],"curies":[{"name":"wp","href":"https:\/\/api.w.org\/{rel}","templated":true}]}}